{"id":2,"date":"2024-06-27T16:13:36","date_gmt":"2024-06-27T16:13:36","guid":{"rendered":"https:\/\/akcio.dallmayr.hu\/?page_id=2"},"modified":"2024-08-19T14:53:26","modified_gmt":"2024-08-19T14:53:26","slug":"sample-page","status":"publish","type":"page","link":"https:\/\/akcio.dallmayr.hu\/","title":{"rendered":"F\u0151oldal"},"content":{"rendered":"<div class=\"gb-container gb-container-add7ff9a alignfull\">\n<figure class=\"wp-block-post-featured-image\"><img loading=\"lazy\" decoding=\"async\" width=\"851\" height=\"250\" src=\"https:\/\/akcio.dallmayr.hu\/wp-content\/uploads\/2024\/07\/Dallmayr-cover-4.png\" class=\"attachment-post-thumbnail size-post-thumbnail wp-post-image\" alt=\"\" style=\"object-fit:cover;\" srcset=\"https:\/\/akcio.dallmayr.hu\/wp-content\/uploads\/2024\/07\/Dallmayr-cover-4.png 851w, https:\/\/akcio.dallmayr.hu\/wp-content\/uploads\/2024\/07\/Dallmayr-cover-4-300x88.png 300w, https:\/\/akcio.dallmayr.hu\/wp-content\/uploads\/2024\/07\/Dallmayr-cover-4-768x226.png 768w\" sizes=\"auto, (max-width: 851px) 100vw, 851px\" \/><\/figure>\n<\/div>\n\n<div class=\"gb-container gb-container-1c76775d\">\n\n<h1 class=\"wp-block-heading has-text-align-center\"><strong>T\u00f6bbet adunk kevesebb\u00e9rt!<\/strong><\/h1>\n\n<\/div>\n\n<div class=\"gb-container gb-container-1c2c3fdb alignfull\">\n\n<h2 class=\"wp-block-heading has-text-align-center\"><strong>V\u00e1s\u00e1rolj egy melegitalt bankk\u00e1rty\u00e1val \u00e9s a m\u00e1sodik term\u00e9ket 50 forinttal olcs\u00f3bban kapod!<\/strong><\/h2>\n\n\n\n<p class=\"has-text-align-center has-medium-font-size\">Els\u0151k\u00e9nt minden esetben a melegitalt sz\u00fcks\u00e9ges megv\u00e1s\u00e1rolni, az ez ut\u00e1n v\u00e1s\u00e1rolt kijel\u00f6lt m\u00e1sodik term\u00e9kekre vonatkozik a kedvezm\u00e9ny.<\/p>\n\n<\/div>\n\n<div class=\"gb-container gb-container-7656d1dc\">\n\n<h2 class=\"wp-block-heading\"><strong>A m\u00e1sodikk\u00e9nt kedvezm\u00e9nyesen v\u00e1s\u00e1rolhat\u00f3 term\u00e9kek*<\/strong><\/h2>\n\n\n<div class=\"gb-container gb-container-1258ae62\">\n<div class=\"gb-grid-wrapper gb-grid-wrapper-22a8ac99\">\n<div class=\"gb-grid-column gb-grid-column-c8ddbd41\"><div class=\"gb-container gb-container-c8ddbd41\">\n\n<figure class=\"wp-block-image size-full is-resized\"><img loading=\"lazy\" decoding=\"async\" width=\"810\" height=\"810\" src=\"https:\/\/akcio.dallmayr.hu\/wp-content\/uploads\/2024\/07\/Coca-Cola-lr.png\" alt=\"Coca-Cola (0,3l PET)\" class=\"wp-image-44\" style=\"aspect-ratio:1;object-fit:cover;width:250px\" srcset=\"https:\/\/akcio.dallmayr.hu\/wp-content\/uploads\/2024\/07\/Coca-Cola-lr.png 810w, https:\/\/akcio.dallmayr.hu\/wp-content\/uploads\/2024\/07\/Coca-Cola-lr-300x300.png 300w, https:\/\/akcio.dallmayr.hu\/wp-content\/uploads\/2024\/07\/Coca-Cola-lr-150x150.png 150w, https:\/\/akcio.dallmayr.hu\/wp-content\/uploads\/2024\/07\/Coca-Cola-lr-768x768.png 768w\" sizes=\"auto, (max-width: 810px) 100vw, 810px\" \/><\/figure>\n\n\n\n<p>Coca-Cola (0,3l PET)<\/p>\n\n<\/div><\/div>\n\n<div class=\"gb-grid-column gb-grid-column-fc9cc263\"><div class=\"gb-container gb-container-fc9cc263\">\n\n<figure class=\"wp-block-image size-full is-resized\"><img loading=\"lazy\" decoding=\"async\" width=\"810\" height=\"810\" src=\"https:\/\/akcio.dallmayr.hu\/wp-content\/uploads\/2024\/07\/Coca-Cola-Zero-lr.png\" alt=\"Coca-Cola Zero (0,3l PET)\" class=\"wp-image-45\" style=\"aspect-ratio:1;object-fit:cover;width:250px\" srcset=\"https:\/\/akcio.dallmayr.hu\/wp-content\/uploads\/2024\/07\/Coca-Cola-Zero-lr.png 810w, https:\/\/akcio.dallmayr.hu\/wp-content\/uploads\/2024\/07\/Coca-Cola-Zero-lr-300x300.png 300w, https:\/\/akcio.dallmayr.hu\/wp-content\/uploads\/2024\/07\/Coca-Cola-Zero-lr-150x150.png 150w, https:\/\/akcio.dallmayr.hu\/wp-content\/uploads\/2024\/07\/Coca-Cola-Zero-lr-768x768.png 768w\" sizes=\"auto, (max-width: 810px) 100vw, 810px\" \/><\/figure>\n\n\n\n<p>Coca-Cola Zero (0,3l PET)<\/p>\n\n<\/div><\/div>\n\n<div class=\"gb-grid-column gb-grid-column-5501c42d\"><div class=\"gb-container gb-container-5501c42d\">\n\n<figure class=\"wp-block-image size-full is-resized\"><img loading=\"lazy\" decoding=\"async\" width=\"810\" height=\"810\" src=\"https:\/\/akcio.dallmayr.hu\/wp-content\/uploads\/2024\/07\/Sport-szelet-lr.png\" alt=\"Sport szelet (b\u00e1rmely kiszerel\u00e9s)\" class=\"wp-image-24\" style=\"aspect-ratio:1;object-fit:cover;width:250px\" srcset=\"https:\/\/akcio.dallmayr.hu\/wp-content\/uploads\/2024\/07\/Sport-szelet-lr.png 810w, https:\/\/akcio.dallmayr.hu\/wp-content\/uploads\/2024\/07\/Sport-szelet-lr-300x300.png 300w, https:\/\/akcio.dallmayr.hu\/wp-content\/uploads\/2024\/07\/Sport-szelet-lr-150x150.png 150w, https:\/\/akcio.dallmayr.hu\/wp-content\/uploads\/2024\/07\/Sport-szelet-lr-768x768.png 768w\" sizes=\"auto, (max-width: 810px) 100vw, 810px\" \/><\/figure>\n\n\n\n<p>Sport szelet (b\u00e1rmely kiszerel\u00e9s)<\/p>\n\n<\/div><\/div>\n\n<div class=\"gb-grid-column gb-grid-column-177ed46a\"><div class=\"gb-container gb-container-177ed46a\">\n\n<figure class=\"wp-block-image size-full is-resized\"><img loading=\"lazy\" decoding=\"async\" width=\"810\" height=\"810\" src=\"https:\/\/akcio.dallmayr.hu\/wp-content\/uploads\/2024\/07\/7days-lr.png\" alt=\"7Days Midi vagy Max (b\u00e1rmely \u00edz)\" class=\"wp-image-43\" style=\"aspect-ratio:1;object-fit:cover;width:250px\" srcset=\"https:\/\/akcio.dallmayr.hu\/wp-content\/uploads\/2024\/07\/7days-lr.png 810w, https:\/\/akcio.dallmayr.hu\/wp-content\/uploads\/2024\/07\/7days-lr-300x300.png 300w, https:\/\/akcio.dallmayr.hu\/wp-content\/uploads\/2024\/07\/7days-lr-150x150.png 150w, https:\/\/akcio.dallmayr.hu\/wp-content\/uploads\/2024\/07\/7days-lr-768x768.png 768w\" sizes=\"auto, (max-width: 810px) 100vw, 810px\" \/><\/figure>\n\n\n\n<p>7Days Midi (60g) vagy Max (80g) (b\u00e1rmely \u00edz)<\/p>\n\n<\/div><\/div>\n<\/div>\n<\/div>\n\n\n<p>A kedvezm\u00e9ny a melegital v\u00e1s\u00e1rl\u00e1s\u00e1t k\u00f6zvetlen\u00fcl k\u00f6vet\u0151 v\u00e1s\u00e1rl\u00e1sn\u00e1l \u00e9rv\u00e9nyes\u00edthet\u0151 (melegital + kijel\u00f6lt kedvezm\u00e9nyes term\u00e9k). Ha p\u00e9ld\u00e1ul a v\u00e1s\u00e1rl\u00f3 megv\u00e1s\u00e1rol h\u00e1rom melegitalt, majd p\u00e9ld\u00e1ul h\u00e1rom 7Days term\u00e9ket \u2013 ez esetben csak az egym\u00e1st k\u00f6vet\u0151 egy k\u00e1v\u00e9ra \u00e9s 7Days-re fog \u00e9lni az akci\u00f3, az els\u0151 kett\u0151re, \u00e9s az utols\u00f3 kett\u0151re nem.<\/p>\n\n\n\n<p><em>*Az akci\u00f3 a k\u00e9szlet erej\u00e9ig vehet\u0151 ig\u00e9nybe.<\/em><\/p>\n\n<\/div>\n\n<div class=\"gb-container gb-container-86132b95\">\n\n<h2 class=\"wp-block-heading\"><strong>A v\u00e1s\u00e1rl\u00e1s lehets\u00e9ges eszk\u00f6zei<\/strong><\/h2>\n\n\n\n<p>Bankk\u00e1rtya vagy egy\u00e9b, bankk\u00e1rty\u00e1val \u00f6sszek\u00f6t\u00f6tt NFC alap\u00fa fizet\u0151eszk\u00f6z.**<\/p>\n\n\n\n<p>Fontos! Mindk\u00e9t v\u00e1s\u00e1rl\u00e1st, a melegitalt \u00e9s a v\u00e1lasztott m\u00e1sodik akci\u00f3s term\u00e9ket is azonos eszk\u00f6zzel kell megv\u00e1s\u00e1rolni. Ha p\u00e9ld\u00e1ul a v\u00e1s\u00e1rl\u00f3 az els\u0151 term\u00e9ket az okos\u00f3r\u00e1j\u00e1val fizeti ki, akkor a m\u00e1sodikat is ugyanazzal az okos\u00f3r\u00e1val kell megv\u00e1s\u00e1rolnia. Ha ez els\u0151 term\u00e9ket okos\u00f3r\u00e1val v\u00e1s\u00e1rolta meg, a m\u00e1sodikat viszont m\u00e1r a bankk\u00e1rty\u00e1j\u00e1val, a kedvezm\u00e9nyt nem tudjuk \u00e9rv\u00e9nyes\u00edteni.<\/p>\n\n\n\n<p><em>**Az akci\u00f3 nem vonatkozik a k\u00e9szp\u00e9nzes, bels\u0151 k\u00e1rty\u00e1s, Dallmayr k\u00e1rty\u00e1s, bel\u00e9ptet\u0151 k\u00e1rty\u00e1s vagy egy\u00e9b closed loop megold\u00e1sokra.<\/em><\/p>\n\n<\/div>\n\n<div class=\"gb-container gb-container-66820d38\">\n\n<h2 class=\"wp-block-heading\"><strong>Hol vehet\u0151 ig\u00e9nybe a kedvezm\u00e9ny? <\/strong>&nbsp;<\/h2>\n\n\n\n<p>A Dallmayr minden olyan saj\u00e1t tulajdon\u00fa \u00e9s \u00fczemeltet\u00e9s\u0171 vending (\u00e9lelmiszer \u00e9s ital\u00e1rus\u00edt\u00f3) automat\u00e1j\u00e1n ig\u00e9nybe vehet\u0151, amelyet a prom\u00f3ci\u00f3 matric\u00e1j\u00e1val l\u00e1ttunk el.&nbsp;<\/p>\n\n<\/div>\n\n<div class=\"gb-container gb-container-4635961c\">\n\n<h2 class=\"wp-block-heading\"><strong>Hol nem vehet\u0151 ig\u00e9nybe a kedvezm\u00e9ny?<\/strong><\/h2>\n\n\n\n<ul class=\"wp-block-list\">\n<li>a fizet\u00e9si eszk\u00f6zzel nem rendelkez\u0151 (ut\u00f3lagos elsz\u00e1mol\u00e1s\u00fa) vending automat\u00e1kon&nbsp;<\/li>\n\n\n\n<li>a kiz\u00e1r\u00f3lag v\u00e9d\u0151ital kiad\u00e1s\u00e1ra b\u00e9rbe vagy haszn\u00e1latra \u00e1tadott automat\u00e1kon<\/li>\n\n\n\n<li>a busz-, vonatp\u00e1lyaudvarokon \u00e9s H\u00c9V \u00e1llom\u00e1sokon elhelyezett k\u00e1v\u00e9 \u00e9s snack, illetve \u00fcd\u00edt\u0151 automat\u00e1kon<\/li>\n<\/ul>\n\n<\/div>\n\n<div class=\"gb-container gb-container-6a943845\">\n\n<h2 class=\"wp-block-heading\"><strong>Milyen id\u0151keretben \u00e9l az akci\u00f3?<\/strong><\/h2>\n\n\n\n<p>Az akci\u00f3 csak aznap 00:00 \u00f3r\u00e1t\u00f3l 23:59-ig \u00e9l, azaz a kedvezm\u00e9ny ig\u00e9nybev\u00e9tel\u00e9hez a melegital v\u00e1s\u00e1rl\u00e1s napt\u00e1ri napj\u00e1n kell k\u00f6vetnie a kijel\u00f6lt m\u00e1sodik term\u00e9knek&nbsp;<\/p>\n\n\n\n<p>Egy napt\u00e1ri napon egy v\u00e1s\u00e1rl\u00f3 \u00e1ltal korl\u00e1tlan sz\u00e1m\u00fa akci\u00f3 vehet\u0151 ig\u00e9nybe.&nbsp;<\/p>\n\n<\/div>\n\n<div class=\"gb-container gb-container-38d7d43c\">\n\n<h2 class=\"wp-block-heading\"><strong>Meddig tart az akci\u00f3?<\/strong><\/h2>\n\n\n\n<p>2024. augusztus 1-t\u0151l 2024. okt\u00f3ber 15-ig.<\/p>\n\n<\/div>\n\n<div class=\"gb-container gb-container-16fe302e\">\n\n<h2 class=\"wp-block-heading\"><strong>Hogyan <\/strong><strong>nem<\/strong><strong> m\u0171k\u00f6dik az akci\u00f3?<\/strong><\/h2>\n\n\n\n<p>Ha a v\u00e1s\u00e1rl\u00f3 megv\u00e1s\u00e1rol 3 melegitalt, majd p\u00e9ld\u00e1ul 3 7Days term\u00e9ket \u2013 ez esetben csak az egym\u00e1st k\u00f6vet\u0151 egy k\u00e1v\u00e9ra \u00e9s 7Days-re fog \u00e9lni az akci\u00f3, az els\u0151 kett\u0151re, \u00e9s az utols\u00f3 kett\u0151re nem.&nbsp;<\/p>\n\n\n\n<p>Fontos, hogy a k\u00e9t v\u00e1s\u00e1rl\u00e1st ugyanazzal az eszk\u00f6zzel fizesse a v\u00e1s\u00e1rl\u00f3. Ha a v\u00e1s\u00e1rl\u00f3 az els\u0151 term\u00e9ket az okos\u00f3r\u00e1j\u00e1val fizeti ki, a m\u00e1sodikat viszont m\u00e1r a bankk\u00e1rty\u00e1j\u00e1val, a kedvezm\u00e9ny nem vehet\u0151 ig\u00e9nybe.<\/p>\n\n\n\n<p><strong>Hogyan m\u0171k\u00f6dik a banki z\u00e1rol\u00e1s \u00e9s terhel\u00e9s?<\/strong><\/p>\n\n\n\n<p>Figyelem! A kedvezm\u00e9ny levon\u00e1sa a m\u00e1sodik v\u00e1s\u00e1rl\u00e1sb\u00f3l ut\u00f3lag t\u00f6rt\u00e9nik! Ennek menete:<\/p>\n\n\n\n<p>1.) A v\u00e1s\u00e1rl\u00e1s kezdet\u00e9n az automata \u00e9s a bankk\u00e1rtya termin\u00e1l is a term\u00e9kek teljes \u00e1r\u00e1t \u00edrja ki.<br>2.) A v\u00e1s\u00e1rl\u00e1s ut\u00e1n a banki z\u00e1rol\u00e1s szint\u00e9n a term\u00e9k teljes \u00f6sszege lesz, emiatt a bankok \u00e1ltal k\u00fcld\u00f6tt SMS is a teljes v\u00e9tel\u00e1rr\u00f3l sz\u00f3l.<br>3.) A v\u00e1s\u00e1rl\u00e1s v\u00e9gezt\u00e9vel a g\u00e9pen l\u00e9v\u0151 bankk\u00e1rtya termin\u00e1l m\u00e1r a helyes, 50 forinttal cs\u00f6kkentett \u00f6sszeget \u00edrja ki.<br>4.) A bankt\u00f3l \u00e9s bankk\u00e1rtya csomagt\u00f3l f\u00fcgg\u0151en m\u00e1s-m\u00e1s id\u0151be telik a z\u00e1rol\u00e1s val\u00f3s terhel\u00e9ss\u00e9 alakul\u00e1sa. A terhel\u00e9ssel egy id\u0151ben t\u00f6rt\u00e9nik a kedvezm\u00e9nyes 50 forinttal visszaenged\u00e9se is, erre azonban a Dallmayrnek r\u00e1hat\u00e1sa nincs, a k\u00e1rtyakibocs\u00e1t\u00f3 bank \u00fczletpolitik\u00e1ja \u00e9s a v\u00e1lasztott bankk\u00e1rtya csomag kond\u00edci\u00f3i szab\u00e1lyozz\u00e1k!<\/p>\n\n\n\n<p><em>A Dallmayr fenntartja a jogot, hogy a prom\u00f3ci\u00f3 r\u00e9szletein az akci\u00f3 id\u0151tartama alatt is v\u00e1ltoztasson, a term\u00e9kportf\u00f3li\u00f3t cser\u00e9lje, vagy a technikai be\u00e1ll\u00edt\u00e1sokat m\u00f3dos\u00edtsa.<\/em><\/p>\n\n\n\n<p class=\"has-text-align-center\"><strong>Partnereink<\/strong><\/p>\n\n\n<div class=\"wp-block-image\">\n<figure class=\"aligncenter size-large\"><img loading=\"lazy\" decoding=\"async\" width=\"1024\" height=\"179\" src=\"https:\/\/akcio.dallmayr.hu\/wp-content\/uploads\/2024\/08\/DM_partners_crop-1024x179.png\" alt=\"\" class=\"wp-image-91\" srcset=\"https:\/\/akcio.dallmayr.hu\/wp-content\/uploads\/2024\/08\/DM_partners_crop-1024x179.png 1024w, https:\/\/akcio.dallmayr.hu\/wp-content\/uploads\/2024\/08\/DM_partners_crop-300x52.png 300w, https:\/\/akcio.dallmayr.hu\/wp-content\/uploads\/2024\/08\/DM_partners_crop-768x134.png 768w, https:\/\/akcio.dallmayr.hu\/wp-content\/uploads\/2024\/08\/DM_partners_crop-1536x268.png 1536w, https:\/\/akcio.dallmayr.hu\/wp-content\/uploads\/2024\/08\/DM_partners_crop.png 1920w\" sizes=\"auto, (max-width: 1024px) 100vw, 1024px\" \/><\/figure><\/div>\n\n\n<p class=\"has-text-align-center\"><a href=\"https:\/\/dallmayrshop.hu\/ugyfelportal\/pub\/media\/wysiwyg\/Adatkezele_si_ta_je_koztato__u_gyfe_l_re_sze_re_Alois_Dallmayr_Automaten-Service_Bt.pdf\">Adatkezel\u00e9si T\u00e1j\u00e9koztat\u00f3<\/a><\/p>\n\n\n\n<p class=\"has-text-align-center\"><a href=\"https:\/\/dallmayrshop.hu\/ugyfelportal\/pub\/media\/wysiwyg\/Adatkezele_si_ta_je_koztato_cookie_su_ti_haszna_lata_ro_l_Dallmayr_Bt.pdf\">Cookie T\u00e1j\u00e9koztat\u00f3<\/a><\/p>\n\n<\/div>","protected":false},"excerpt":{"rendered":"<p>T\u00f6bbet adunk kevesebb\u00e9rt! V\u00e1s\u00e1rolj egy melegitalt bankk\u00e1rty\u00e1val \u00e9s a m\u00e1sodik term\u00e9ket 50 forinttal olcs\u00f3bban kapod! Els\u0151k\u00e9nt minden esetben a melegitalt sz\u00fcks\u00e9ges megv\u00e1s\u00e1rolni, az ez ut\u00e1n v\u00e1s\u00e1rolt kijel\u00f6lt m\u00e1sodik term\u00e9kekre vonatkozik a kedvezm\u00e9ny. A m\u00e1sodikk\u00e9nt kedvezm\u00e9nyesen v\u00e1s\u00e1rolhat\u00f3 term\u00e9kek* A kedvezm\u00e9ny a melegital v\u00e1s\u00e1rl\u00e1s\u00e1t k\u00f6zvetlen\u00fcl k\u00f6vet\u0151 v\u00e1s\u00e1rl\u00e1sn\u00e1l \u00e9rv\u00e9nyes\u00edthet\u0151 (melegital + kijel\u00f6lt kedvezm\u00e9nyes term\u00e9k). Ha p\u00e9ld\u00e1ul a v\u00e1s\u00e1rl\u00f3 &#8230; <a title=\"F\u0151oldal\" class=\"read-more\" href=\"https:\/\/akcio.dallmayr.hu\/\" aria-label=\"Read more about F\u0151oldal\">Olvass tov\u00e1bb<\/a><\/p>\n","protected":false},"author":1,"featured_media":86,"parent":0,"menu_order":0,"comment_status":"closed","ping_status":"open","template":"","meta":{"footnotes":""},"class_list":["post-2","page","type-page","status-publish","has-post-thumbnail"],"_links":{"self":[{"href":"https:\/\/akcio.dallmayr.hu\/index.php\/wp-json\/wp\/v2\/pages\/2","targetHints":{"allow":["GET"]}}],"collection":[{"href":"https:\/\/akcio.dallmayr.hu\/index.php\/wp-json\/wp\/v2\/pages"}],"about":[{"href":"https:\/\/akcio.dallmayr.hu\/index.php\/wp-json\/wp\/v2\/types\/page"}],"author":[{"embeddable":true,"href":"https:\/\/akcio.dallmayr.hu\/index.php\/wp-json\/wp\/v2\/users\/1"}],"replies":[{"embeddable":true,"href":"https:\/\/akcio.dallmayr.hu\/index.php\/wp-json\/wp\/v2\/comments?post=2"}],"version-history":[{"count":23,"href":"https:\/\/akcio.dallmayr.hu\/index.php\/wp-json\/wp\/v2\/pages\/2\/revisions"}],"predecessor-version":[{"id":95,"href":"https:\/\/akcio.dallmayr.hu\/index.php\/wp-json\/wp\/v2\/pages\/2\/revisions\/95"}],"wp:featuredmedia":[{"embeddable":true,"href":"https:\/\/akcio.dallmayr.hu\/index.php\/wp-json\/wp\/v2\/media\/86"}],"wp:attachment":[{"href":"https:\/\/akcio.dallmayr.hu\/index.php\/wp-json\/wp\/v2\/media?parent=2"}],"curies":[{"name":"wp","href":"https:\/\/api.w.org\/{rel}","templated":true}]}}